{"id":1155,"date":"2025-09-24T14:47:52","date_gmt":"2025-09-24T18:47:52","guid":{"rendered":"https:\/\/aerocta.ca\/declaration-de-confidentialite-ca\/"},"modified":"2025-09-29T07:49:52","modified_gmt":"2025-09-29T11:49:52","slug":"declaration-de-confidentialite-ca","status":"publish","type":"page","link":"https:\/\/aerocta.ca\/en\/declaration-de-confidentialite-ca\/","title":{"rendered":"D\u00e9claration de confidentialit\u00e9"},"content":{"rendered":"[vc_row type=\u00a0\u00bbin_container\u00a0\u00bb full_screen_row_position=\u00a0\u00bbmiddle\u00a0\u00bb column_margin=\u00a0\u00bbdefault\u00a0\u00bb column_direction=\u00a0\u00bbdefault\u00a0\u00bb column_direction_tablet=\u00a0\u00bbdefault\u00a0\u00bb column_direction_phone=\u00a0\u00bbdefault\u00a0\u00bb scene_position=\u00a0\u00bbcenter\u00a0\u00bb text_color=\u00a0\u00bbdark\u00a0\u00bb text_align=\u00a0\u00bbleft\u00a0\u00bb row_border_radius=\u00a0\u00bbnone\u00a0\u00bb row_border_radius_applies=\u00a0\u00bbbg\u00a0\u00bb overflow=\u00a0\u00bbvisible\u00a0\u00bb overlay_strength=\u00a0\u00bb0.3&Prime; gradient_direction=\u00a0\u00bbleft_to_right\u00a0\u00bb shape_divider_position=\u00a0\u00bbbottom\u00a0\u00bb bg_image_animation=\u00a0\u00bbnone\u00a0\u00bb][vc_column column_padding=\u00a0\u00bbno-extra-padding\u00a0\u00bb column_padding_tablet=\u00a0\u00bbinherit\u00a0\u00bb column_padding_phone=\u00a0\u00bbinherit\u00a0\u00bb column_padding_position=\u00a0\u00bball\u00a0\u00bb column_element_direction_desktop=\u00a0\u00bbdefault\u00a0\u00bb column_element_spacing=\u00a0\u00bbdefault\u00a0\u00bb desktop_text_alignment=\u00a0\u00bbdefault\u00a0\u00bb tablet_text_alignment=\u00a0\u00bbdefault\u00a0\u00bb phone_text_alignment=\u00a0\u00bbdefault\u00a0\u00bb background_color_opacity=\u00a0\u00bb1&Prime; background_hover_color_opacity=\u00a0\u00bb1&Prime; column_backdrop_filter=\u00a0\u00bbnone\u00a0\u00bb column_shadow=\u00a0\u00bbnone\u00a0\u00bb column_border_radius=\u00a0\u00bbnone\u00a0\u00bb column_link_target=\u00a0\u00bb_self\u00a0\u00bb column_position=\u00a0\u00bbdefault\u00a0\u00bb gradient_direction=\u00a0\u00bbleft_to_right\u00a0\u00bb overlay_strength=\u00a0\u00bb0.3&Prime; width=\u00a0\u00bb1\/1&Prime; tablet_width_inherit=\u00a0\u00bbdefault\u00a0\u00bb animation_type=\u00a0\u00bbdefault\u00a0\u00bb bg_image_animation=\u00a0\u00bbnone\u00a0\u00bb border_type=\u00a0\u00bbsimple\u00a0\u00bb column_border_width=\u00a0\u00bbnone\u00a0\u00bb column_border_style=\u00a0\u00bbsolid\u00a0\u00bb][vc_column_text]\n<!-- Legal document generated by Complianz | GDPR\/CCPA Cookie Consent https:\/\/wordpress.org\/plugins\/complianz-gdpr -->\n<div id=\"cmplz-document\" class=\"cmplz-document privacy-statement cmplz-document-ca\"><p><i>Cette d\u00e9claration de confidentialit\u00e9 a \u00e9t\u00e9 modifi\u00e9e pour la derni\u00e8re fois le 24 September 2025, v\u00e9rifi\u00e9e pour la derni\u00e8re fois le 24 September 2025, et s\u2019applique aux citoyens et aux r\u00e9sidents permanents l\u00e9gaux du Canada.<\/i><br \/><br \/><\/p><p>Dans cette d\u00e9claration de confidentialit\u00e9, nous expliquons ce que nous faisons avec les donn\u00e9es que nous obtenons \u00e0 votre sujet via <a href=\"https:\/\/aerocta.ca\">https:\/\/aerocta.ca<\/a>. Nous vous recommandons de lire attentivement cette d\u00e9claration. Lors de notre traitement, nous nous conformons aux exigences de la l\u00e9gislation sur la confidentialit\u00e9. Cela signifie, entre autres, que\u00a0:<ul>\n                <li>nous indiquons clairement dans quelles finalit\u00e9s nous traitons les donn\u00e9es personnelles. Nous faisons cela au moyen de cette d\u00e9claration de confidentialit\u00e9\u00a0;<\/li>\n                <li>nous visons \u00e0 limiter notre recueil de donn\u00e9es personnelles uniquement aux donn\u00e9es personnelles n\u00e9cessaires \u00e0 des finalit\u00e9s l\u00e9gitimes;<\/li>\n                <li>nous demandons d\u2019abord votre consentement explicite pour traiter vos donn\u00e9es personnelles dans les cas n\u00e9cessitant votre consentement;<\/li>\n                <li>nous prenons des mesures de s\u00e9curit\u00e9 appropri\u00e9es afin de prot\u00e9ger vos donn\u00e9es personnelles, et nous en demandons autant des parties traitant des donn\u00e9es personnelles pour nous;<\/li>\n                <li>nous respectons votre droit de consulter, corriger ou supprimer vos donn\u00e9es personnelles si vous en formulez la demande.<\/li>\n            <\/ul><\/p>Si vous avez des questions ou souhaitez savoir exactement quelles donn\u00e9es nous conservons, veuillez nous contacter.<h2>1. Finalit\u00e9 et cat\u00e9gories de donn\u00e9es<\/h2><p>Nous pouvons collecter ou recevoir des informations personnelles pour un certain nombre de raisons li\u00e9es \u00e0 nos activit\u00e9s commerciales, notamment les suivantes\u00a0: (cliquez pour d\u00e9plier)<\/b><\/p><details class=\"cmplz-dropdown dropdown-privacy-statement\"><summary><div><h3>1.1 Contact &#8211; Par t\u00e9l\u00e9phone, courrier, e-mail et\/ou formulaires web<\/h3><\/div><\/summary><p class=\"cmplz-subtitle\">Les cat\u00e9gories de donn\u00e9es suivantes sont collect\u00e9es<\/p><p><ul><li>Un pr\u00e9nom et un nom de famille<\/li><li>Une adresse e-mail<\/li><li>Un num\u00e9ro de t\u00e9l\u00e9phone<\/li><li>Adresse IP<\/li><\/ul><\/p><p class=\"cmplz-subtitle\">Dur\u00e9e de conservation<\/p><p>Nous conservons ces donn\u00e9es jusqu\u2019\u00e0 la fin du service.<\/p><\/details><details class=\"cmplz-dropdown dropdown-privacy-statement\"><summary><div><h3>1.2 Compiler et analyser des statistiques pour l\u2019am\u00e9lioration du site web.<\/h3><\/div><\/summary><p class=\"cmplz-subtitle\">Les cat\u00e9gories de donn\u00e9es suivantes sont collect\u00e9es<\/p><p><ul><li>Informations sur l\u2019activit\u00e9 internet, y compris, mais sans s\u2019y limiter, l\u2019historique de navigation, l\u2019historique de recherche et les informations concernant l\u2019interaction d\u2019un consommateur avec un site web, une application ou une publicit\u00e9 internet<\/li><li>Adresse IP<\/li><\/ul><\/p><p class=\"cmplz-subtitle\">Dur\u00e9e de conservation<\/p><p>Nous conservons ces donn\u00e9es jusqu\u2019\u00e0 la fin du service.<\/p><\/details><h2>2. Pratiques de divulgation<\/h2><p><p>Nous divulguons des informations personnelles si nous y sommes tenus par la loi ou par une ordonnance du tribunal, en r\u00e9ponse \u00e0 un organisme d\u2019application de la loi, dans la mesure permise par d\u2019autres dispositions de la loi, pour fournir des informations, ou pour une enqu\u00eate sur une question li\u00e9e \u00e0 la s\u00e9curit\u00e9 publique.<\/p><p>Si notre site web ou notre organisation est repris, vendu ou impliqu\u00e9 dans une fusion ou une acquisition, vos donn\u00e9es peuvent \u00eatre divulgu\u00e9es \u00e0 nos conseillers et \u00e0 tout acheteur potentiel et seront transmises aux nouveaux propri\u00e9taires.<\/p><\/p><h2>3. Comment nous r\u00e9pondons aux demandes Ne pas me pister &amp; Contr\u00f4le global de confidentialit\u00e9<\/h2><p>Notre site web ne prend pas en charge l\u2019en-t\u00eate de requ\u00eate HTTP Ne pas me pister (DNT) et n\u2019y r\u00e9agit pas.<\/p><h2>4. Cookies<\/h2><p>Notre site web utilise des cookies. Pour plus d\u2019informations sur les cookies, veuillez vous r\u00e9f\u00e9rer \u00e0 notre Politique de cookies sur notre page <a href=\"https:\/\/aerocta.ca\/en\/politique-de-cookies-ca\/\">Politique de cookies<\/a>.&nbsp;<\/p><p>Nous avons conclu un accord de traitement des donn\u00e9es avec Google.<\/p><h2>5. S\u00e9curit\u00e9<\/h2><p>Nous nous engageons \u00e0 la s\u00e9curit\u00e9 des donn\u00e9es personnelles. Nous prenons les mesures de s\u00e9curit\u00e9 appropri\u00e9es pour limiter les abus et l\u2019acc\u00e8s non autoris\u00e9 aux donn\u00e9es personnelles. Cela garantit que seules les personnes n\u00e9cessaires ont acc\u00e8s \u00e0 vos donn\u00e9es, que l\u2019acc\u00e8s aux donn\u00e9es est prot\u00e9g\u00e9 et que nos mesures de s\u00e9curit\u00e9 sont r\u00e9guli\u00e8rement revues.<\/p><h2>6. Sites web de tierces parties<\/h2><p>Cette d\u00e9claration de confidentialit\u00e9 ne s\u2019applique pas aux sites web de tierces parties connect\u00e9s par des liens sur notre site web. Nous ne pouvons garantir que ces tierces parties g\u00e8rent vos donn\u00e9es personnelles de mani\u00e8re fiable ou s\u00e9curis\u00e9e. Nous vous recommandons de lire les d\u00e9clarations de confidentialit\u00e9 de ces sites web avant de les utiliser.<\/p><h2>7. Modifications apport\u00e9es \u00e0 cette d\u00e9claration de confidentialit\u00e9<\/h2><p>Nous nous r\u00e9servons le droit de modifier la pr\u00e9sente d\u00e9claration de confidentialit\u00e9. Il est recommand\u00e9 de consulter r\u00e9guli\u00e8rement cette d\u00e9claration de confidentialit\u00e9 afin de prendre connaissance de toute modification \u00e9ventuelle. De plus, nous vous informerons activement dans la mesure du possible.<\/p><h2>8. Acc\u00e9der \u00e0 vos donn\u00e9es et les modifier<\/h2><p>Si vous avez des questions, ou si vous voulez prendre connaissance des donn\u00e9es personnelles que nous stockons \u00e0 votre propos, veuillez nous contacter. Veuillez vous assurer de toujours donner clairement votre identit\u00e9, pour que nous soyons certains de ne pas modifier ou supprimer les donn\u00e9es de la mauvaise personne. Nous ne fournirons les informations demand\u00e9es que lors de la r\u00e9ception d\u2019une demande d\u2019un consommateur v\u00e9rifiable. Vous pouvez nous contacter en utilisant les informations ci-dessous.<\/p><p class=\"cmplz-subtitle\">8.1 Vous avez les droits suivants concernant vos donn\u00e9es personnelles<\/p><ol class=\"alphabetic\">\n                        <li>Vous pouvez envoyer une demande d\u2019acc\u00e8s aux donn\u00e9es vous concernant que nous traitons.<\/li>\n                        <li>Vous pouvez demander une vue d\u2019ensemble, sous un format commun\u00e9ment utilis\u00e9, des donn\u00e9es que nous traitons \u00e0 votre sujet.<\/li>\n                        <li>Vous pouvez demander la correction ou la suppression des donn\u00e9es si elles sont incorrectes ou si elles ne sont plus d\u2019actualit\u00e9. Lorsque cela est appropri\u00e9, les informations modifi\u00e9es seront transmises \u00e0 des tierces parties ayant acc\u00e8s aux informations en question.<\/li>\n                        <li>Vous avez le droit de retirer votre consentement \u00e0 tout moment, sujet \u00e0 des restrictions contractuelles ou juridiques et un pr\u00e9avis raisonnable. Vous serez inform\u00e9(e) des implications d\u2019un tel retrait.<\/li>\n                        <li>Vous avez le droit d\u2019adresser \u00e0 notre organisation une objection concernant tout non respect de la LPRPDE et, si le probl\u00e8me n\u2019est pas r\u00e9solu, au Commissariat \u00e0 la protection de la vie priv\u00e9e du Canada.<\/li>\n                        <li>Nous donnerons l\u2019acc\u00e8s aux informations personnelles sous un format alternatif \u00e0 tout individu ayant un handicap sensoriel et le droit \u00e0 l\u2019acc\u00e8s \u00e0 des informations personnelles sous la LRPDE, dans le cas o\u00f9 l\u2019individu demande \u00e0 ce qu\u2019elles soient transmises sous ce format alternatif si (a) une version des informations existe d\u00e9j\u00e0 sous ce format\u00a0; ou (b) leur conversion vers ce format est raisonnable et n\u00e9cessaire afin que l\u2019individu puisse exercer ses droits.<\/li>\n                      <\/ol><h2>9. Enfants<\/h2><p>Notre site web n\u2019est pas con\u00e7u pour les enfants et il n\u2019est pas dans notre intention de recueillir des donn\u00e9es personnelles aupr\u00e8s d\u2019enfants sous l\u2019\u00e2ge de consentement de leur pays de r\u00e9sidence. Nous demandons par cons\u00e9quent aux enfants sous l\u2019\u00e2ge de consentement de ne nous envoyer aucune donn\u00e9e personnelle.<\/p><h2>10. Coordonn\u00e9es<\/h2><p>Centre technologique en a\u00e9rospatiale<br \/>\n        5555, rue de l\u2019\u00c9NA<br \/>\nLongueuil (Qu\u00e9bec) J3Y 0Y3<br \/>\nCanada<br \/>\n        Canada<br \/>\n        Site web\u00a0: <a href=\"https:\/\/aerocta.ca\">https:\/\/aerocta.ca<\/a> <br \/>\n        E-mail\u00a0: <span class=\"cmplz-obfuscate\">&#105;n&#102;o@<span class=\"cmplz-fmail-domain\">ex.&#099;&#111;&#109;<\/span>&#097;e&#114;&#111;cta&#046;&#099;a<\/span> <br \/>\n        <br \/>\n        <\/p><p>Nous avons nomm\u00e9 une personne \u00e0 contacter \u00e0 propos des politiques et pratiques de l\u2019organisation, et \u00e0 qui toute plainte ou demande de renseignement peut \u00eatre transmise\u00a0:<br \/>Administration<br \/>info@aerocta.ca<\/p><\/div>[\/vc_column_text][\/vc_column][\/vc_row][vc_row type=\u00a0\u00bbfull_width_background\u00a0\u00bb full_screen_row_position=\u00a0\u00bbmiddle\u00a0\u00bb column_margin=\u00a0\u00bbdefault\u00a0\u00bb column_direction=\u00a0\u00bbdefault\u00a0\u00bb column_direction_tablet=\u00a0\u00bbdefault\u00a0\u00bb column_direction_phone=\u00a0\u00bbdefault\u00a0\u00bb bg_color=\u00a0\u00bb#e8e7e7&Prime; scene_position=\u00a0\u00bbcenter\u00a0\u00bb top_padding=\u00a0\u00bb150px\u00a0\u00bb constrain_group_1=\u00a0\u00bbyes\u00a0\u00bb bottom_padding=\u00a0\u00bb150px\u00a0\u00bb text_color=\u00a0\u00bbdark\u00a0\u00bb text_align=\u00a0\u00bbleft\u00a0\u00bb row_border_radius=\u00a0\u00bbnone\u00a0\u00bb row_border_radius_applies=\u00a0\u00bbbg\u00a0\u00bb overflow=\u00a0\u00bbvisible\u00a0\u00bb overlay_strength=\u00a0\u00bb0.3&Prime; gradient_direction=\u00a0\u00bbleft_to_right\u00a0\u00bb shape_divider_position=\u00a0\u00bbbottom\u00a0\u00bb bg_image_animation=\u00a0\u00bbnone\u00a0\u00bb gradient_type=\u00a0\u00bbdefault\u00a0\u00bb shape_type=\u00a0\u00bb\u00a0\u00bb][vc_column column_padding=\u00a0\u00bbno-extra-padding\u00a0\u00bb column_padding_tablet=\u00a0\u00bbinherit\u00a0\u00bb column_padding_phone=\u00a0\u00bbinherit\u00a0\u00bb column_padding_position=\u00a0\u00bball\u00a0\u00bb column_element_direction_desktop=\u00a0\u00bbdefault\u00a0\u00bb column_element_spacing=\u00a0\u00bbdefault\u00a0\u00bb desktop_text_alignment=\u00a0\u00bbdefault\u00a0\u00bb tablet_text_alignment=\u00a0\u00bbdefault\u00a0\u00bb phone_text_alignment=\u00a0\u00bbdefault\u00a0\u00bb background_color_opacity=\u00a0\u00bb1&Prime; background_hover_color_opacity=\u00a0\u00bb1&Prime; column_backdrop_filter=\u00a0\u00bbnone\u00a0\u00bb column_shadow=\u00a0\u00bbnone\u00a0\u00bb column_border_radius=\u00a0\u00bbnone\u00a0\u00bb column_link_target=\u00a0\u00bb_self\u00a0\u00bb column_position=\u00a0\u00bbdefault\u00a0\u00bb gradient_direction=\u00a0\u00bbleft_to_right\u00a0\u00bb overlay_strength=\u00a0\u00bb0.3&Prime; width=\u00a0\u00bb1\/1&Prime; tablet_width_inherit=\u00a0\u00bbdefault\u00a0\u00bb animation_type=\u00a0\u00bbdefault\u00a0\u00bb bg_image_animation=\u00a0\u00bbnone\u00a0\u00bb border_type=\u00a0\u00bbsimple\u00a0\u00bb column_border_width=\u00a0\u00bbnone\u00a0\u00bb column_border_style=\u00a0\u00bbsolid\u00a0\u00bb][vc_column_text css=\u00a0\u00bb\u00a0\u00bb text_direction=\u00a0\u00bbdefault\u00a0\u00bb]\r\n<p>En navigant sur se site, vous acceptez aussi la <a href=\"https:\/\/www.cegepmontpetit.ca\/confidentialite\" target=\"_blank\" rel=\"noopener\">politique de confidentialit\u00e9 du c\u00e9gep \u00c9douard-Montpetit<\/a><\/p>\r\n<div>\r\n<p>Afin de respecter la vie priv\u00e9e des utilisateurs de son site Web, le c\u00e9gep \u00c9douard-Montpetit s\u2019assure de respecter la confidentialit\u00e9 des renseignements personnels qui sont collect\u00e9s sur cette plateforme num\u00e9rique.<\/p>\r\n<p>&nbsp;<\/p>\r\n<h3>Collecte de renseignements personnels<\/h3>\r\n<p>Nous collectons, sur le site Web, des renseignements personnels tels :<\/p>\r\n<ul>\r\n<li>Nom<\/li>\r\n<li>Pr\u00e9nom<\/li>\r\n<li>Num\u00e9ro de t\u00e9l\u00e9phone<\/li>\r\n<li>Adresse postale<\/li>\r\n<li>Adresse courriel<\/li>\r\n<li>Num\u00e9ro d\u2019\u00e9tudiant<\/li>\r\n<li>Date de naissance<\/li>\r\n<li>Int\u00e9r\u00eats<\/li>\r\n<li>etc.<\/li>\r\n<\/ul>\r\n<p>Ces renseignements nous sont transmis par le biais de formulaires interactifs ou de fichiers t\u00e9moins.<\/p>\r\n<p>Le C\u00e9gep peut utiliser les renseignements personnels collect\u00e9s pour les finalit\u00e9s qui suivent :<\/p>\r\n<ul>\r\n<li>Permettre l\u2019inscription \u00e0 une activit\u00e9 d\u2019information scolaire ou \u00e0 une bourse et le suivi apr\u00e8s une telle inscription;<\/li>\r\n<li>Transmettre de l\u2019information sur ses activit\u00e9s p\u00e9dagogiques et la vie \u00e9tudiante;<\/li>\r\n<li>Faire la promotion de ses programmes et de ses services;<\/li>\r\n<li>Diffuser des avis et des alertes;<\/li>\r\n<li>Faire des sondages pour mieux conna\u00eetre la satisfaction et les besoins des utilisateurs;<\/li>\r\n<li>Recueillir des statistiques quant \u00e0 la fr\u00e9quentation du site Web.<\/li>\r\n<\/ul>\r\n<p>&nbsp;<\/p>\r\n<h3>T\u00e9moins (\u00ab Cookies \u00bb)<\/h3>\r\n<p>Le c\u00e9gep \u00c9douard-Montpetit utilise des t\u00e9moins dans son site Web pour faciliter la navigation et personnaliser son utilisation. En utilisant le site Web, vous acceptez que des t\u00e9moins soient d\u00e9pos\u00e9s sur votre appareil.<\/p>\r\n<p>Vous pouvez en tout temps d\u00e9truire les t\u00e9moins en effa\u00e7ant votre historique de navigation.<\/p>\r\n<p>Outils de mesure<\/p>\r\n<p>Le c\u00e9gep \u00c9douard-Montpetit utilise la plateforme Google Analytics pour mesurer l\u2019audience et les comportements des utilisateurs de son site Web. Cet outil est \u00e9galement utilis\u00e9 pour mesurer les diff\u00e9rentes campagnes de promotion des programmes d\u2019\u00e9tudes du C\u00e9gep et de l\u2019\u00c9cole nationale d\u2019a\u00e9rotechnique.<\/p>\r\n<p>Publicit\u00e9<\/p>\r\n<p>Le c\u00e9gep \u00c9douard-Montpetit et l\u2019\u00c9cole nationale d\u2019a\u00e9rotechnique utilisent des plateformes publicitaires tierces, comme Google et Facebook, pour faire la promotion de ses services et ses programmes d\u2019\u00e9tudes. En utilisant le site Web, ces instances peuvent collecter des t\u00e9moins ou des technologies similaires pour conna\u00eetre vos int\u00e9r\u00eats et habitudes de navigation. Elles peuvent ensuite vous diffuser des publicit\u00e9s li\u00e9es.<\/p>\r\n<p>Reciblage<\/p>\r\n<p>Le site Web du c\u00e9gep \u00c9douard-Montpetit utilise des technologies de reciblage publicitaire. Les entreprises qui fournissent les publicit\u00e9s au nom du C\u00e9gep recueillent des informations non personnelles, comme des t\u00e9moins, sur vos visites et vos interactions dans le site Web \u00e0 des fins publicitaires qui ciblent votre comportement num\u00e9rique et vos int\u00e9r\u00eats.<\/p>\r\n<p>Vous pouvez d\u00e9sactiver l\u2019utilisation des cookies par Google en utilisant leur service de\u00a0<a href=\"https:\/\/adssettings.google.com\/authenticated\" target=\"_blank\" rel=\"noopener\">Gestionnaire de pr\u00e9f\u00e9rences pour les annonces<\/a>. Pour les fournisseurs tiers, vous pouvez d\u00e9sactiver les cookies par l\u2019entremise de la\u00a0<a href=\"https:\/\/optout.networkadvertising.org\/?c=1\" target=\"_blank\" rel=\"noopener\">Network Advertising Initiative<\/a>.<\/p>\r\n<p>Liens vers d\u2019autres sites Internet<\/p>\r\n<p>Le site Web du c\u00e9gep \u00c9douard-Montpetit pr\u00e9sente des hyperliens vers d\u2019autres sites Internet. Le C\u00e9gep n\u2019a aucun contr\u00f4le sur ces sites et se d\u00e9gage de toute responsabilit\u00e9 par rapport \u00e0 leur utilisation.<\/p>\r\n<\/div>\r\n[\/vc_column_text][\/vc_column][\/vc_row]","protected":false},"excerpt":{"rendered":"<p>[vc_row type=\u00a0\u00bbin_container\u00a0\u00bb full_screen_row_position=\u00a0\u00bbmiddle\u00a0\u00bb column_margin=\u00a0\u00bbdefault\u00a0\u00bb column_direction=\u00a0\u00bbdefault\u00a0\u00bb column_direction_tablet=\u00a0\u00bbdefault\u00a0\u00bb column_direction_phone=\u00a0\u00bbdefault\u00a0\u00bb scene_position=\u00a0\u00bbcenter\u00a0\u00bb text_color=\u00a0\u00bbdark\u00a0\u00bb text_align=\u00a0\u00bbleft\u00a0\u00bb row_border_radius=\u00a0\u00bbnone\u00a0\u00bb row_border_radius_applies=\u00a0\u00bbbg\u00a0\u00bb overflow=\u00a0\u00bbvisible\u00a0\u00bb overlay_strength=\u00a0\u00bb0.3&Prime; gradient_direction=\u00a0\u00bbleft_to_right\u00a0\u00bb shape_divider_position=\u00a0\u00bbbottom\u00a0\u00bb bg_image_animation=\u00a0\u00bbnone\u00a0\u00bb][vc_column column_padding=\u00a0\u00bbno-extra-padding\u00a0\u00bb column_padding_tablet=\u00a0\u00bbinherit\u00a0\u00bb column_padding_phone=\u00a0\u00bbinherit\u00a0\u00bb column_padding_position=\u00a0\u00bball\u00a0\u00bb column_element_direction_desktop=\u00a0\u00bbdefault\u00a0\u00bb column_element_spacing=\u00a0\u00bbdefault\u00a0\u00bb desktop_text_alignment=\u00a0\u00bbdefault\u00a0\u00bb tablet_text_alignment=\u00a0\u00bbdefault\u00a0\u00bb phone_text_alignment=\u00a0\u00bbdefault\u00a0\u00bb background_color_opacity=\u00a0\u00bb1&Prime; background_hover_color_opacity=\u00a0\u00bb1&Prime; column_backdrop_filter=\u00a0\u00bbnone\u00a0\u00bb column_shadow=\u00a0\u00bbnone\u00a0\u00bb&#8230;<\/p>\n","protected":false},"author":2,"featured_media":0,"parent":0,"menu_order":0,"comment_status":"closed","ping_status":"closed","template":"","meta":{"_acf_changed":false,"_seopress_robots_primary_cat":"","_seopress_titles_title":"D\u00e9claration de confidentialit\u00e9","_seopress_titles_desc":"","_seopress_robots_index":"yes","inline_featured_image":false,"footnotes":""},"class_list":["post-1155","page","type-page","status-publish"],"acf":[],"_links":{"self":[{"href":"https:\/\/aerocta.ca\/en\/wp-json\/wp\/v2\/pages\/1155","targetHints":{"allow":["GET"]}}],"collection":[{"href":"https:\/\/aerocta.ca\/en\/wp-json\/wp\/v2\/pages"}],"about":[{"href":"https:\/\/aerocta.ca\/en\/wp-json\/wp\/v2\/types\/page"}],"author":[{"embeddable":true,"href":"https:\/\/aerocta.ca\/en\/wp-json\/wp\/v2\/users\/2"}],"replies":[{"embeddable":true,"href":"https:\/\/aerocta.ca\/en\/wp-json\/wp\/v2\/comments?post=1155"}],"version-history":[{"count":4,"href":"https:\/\/aerocta.ca\/en\/wp-json\/wp\/v2\/pages\/1155\/revisions"}],"predecessor-version":[{"id":1162,"href":"https:\/\/aerocta.ca\/en\/wp-json\/wp\/v2\/pages\/1155\/revisions\/1162"}],"wp:attachment":[{"href":"https:\/\/aerocta.ca\/en\/wp-json\/wp\/v2\/media?parent=1155"}],"curies":[{"name":"wp","href":"https:\/\/api.w.org\/{rel}","templated":true}]}}